{"id":46,"date":"2016-06-21T16:02:35","date_gmt":"2016-06-21T14:02:35","guid":{"rendered":"http:\/\/www.tourguidebergamo.it\/\/?page_id=46"},"modified":"2017-01-09T15:49:27","modified_gmt":"2017-01-09T14:49:27","slug":"contatti","status":"publish","type":"page","link":"https:\/\/www.tourguidebergamo.it\/de\/kontakt\/","title":{"rendered":"Contatti"},"content":{"rendered":"<div id=\"fb-root\"><\/div>\n","protected":false},"excerpt":{"rendered":"","protected":false},"author":1,"featured_media":0,"parent":0,"menu_order":4,"comment_status":"closed","ping_status":"closed","template":"","meta":[],"acf":[],"yoast_head":"<!-- This site is optimized with the Yoast SEO plugin v18.4.1 - https:\/\/yoast.com\/wordpress\/plugins\/seo\/ -->\n<title>Contatti - Bergamo Su&amp;Gi\u00f9 - F\u00fchrungen mit Fremdenf\u00fchrer<\/title>\n<meta name=\"robots\" content=\"index, follow, max-snippet:-1, max-image-preview:large, max-video-preview:-1\" \/>\n<link rel=\"canonical\" href=\"https:\/\/www.tourguidebergamo.it\/es\/contactos\/\" \/>\n<meta property=\"og:locale\" content=\"de_DE\" \/>\n<meta property=\"og:type\" content=\"article\" \/>\n<meta property=\"og:title\" content=\"Contatti - Bergamo Su&amp;Gi\u00f9 - F\u00fchrungen mit Fremdenf\u00fchrer\" \/>\n<meta property=\"og:url\" content=\"https:\/\/www.tourguidebergamo.it\/es\/contactos\/\" \/>\n<meta property=\"og:site_name\" content=\"Bergamo Su&amp;Gi\u00f9\" \/>\n<meta property=\"article:modified_time\" content=\"2017-01-09T14:49:27+00:00\" \/>\n<meta name=\"twitter:card\" content=\"summary\" \/>\n<script type=\"application\/ld+json\" class=\"yoast-schema-graph\">{\"@context\":\"https:\/\/schema.org\",\"@graph\":[{\"@type\":\"WebSite\",\"@id\":\"https:\/\/www.tourguidebergamo.it\/#website\",\"url\":\"https:\/\/www.tourguidebergamo.it\/\",\"name\":\"Bergamo Su&amp;Gi\u00f9\",\"description\":\"F\u00fchrungen mit Fremdenf\u00fchrer\",\"potentialAction\":[{\"@type\":\"SearchAction\",\"target\":{\"@type\":\"EntryPoint\",\"urlTemplate\":\"https:\/\/www.tourguidebergamo.it\/?s={search_term_string}\"},\"query-input\":\"required name=search_term_string\"}],\"inLanguage\":\"de\"},{\"@type\":\"WebPage\",\"@id\":\"https:\/\/www.tourguidebergamo.it\/es\/contactos\/#webpage\",\"url\":\"https:\/\/www.tourguidebergamo.it\/es\/contactos\/\",\"name\":\"Contatti - Bergamo Su&amp;Gi\u00f9 - F\u00fchrungen mit Fremdenf\u00fchrer\",\"isPartOf\":{\"@id\":\"https:\/\/www.tourguidebergamo.it\/#website\"},\"datePublished\":\"2016-06-21T14:02:35+00:00\",\"dateModified\":\"2017-01-09T14:49:27+00:00\",\"breadcrumb\":{\"@id\":\"https:\/\/www.tourguidebergamo.it\/es\/contactos\/#breadcrumb\"},\"inLanguage\":\"de\",\"potentialAction\":[{\"@type\":\"ReadAction\",\"target\":[\"https:\/\/www.tourguidebergamo.it\/es\/contactos\/\"]}]},{\"@type\":\"BreadcrumbList\",\"@id\":\"https:\/\/www.tourguidebergamo.it\/es\/contactos\/#breadcrumb\",\"itemListElement\":[{\"@type\":\"ListItem\",\"position\":1,\"name\":\"Home\",\"item\":\"https:\/\/www.tourguidebergamo.it\/\"},{\"@type\":\"ListItem\",\"position\":2,\"name\":\"Contatti\"}]}]}<\/script>\n<!-- \/ Yoast SEO plugin. -->","yoast_head_json":{"title":"Contatti - Bergamo Su&amp;Gi\u00f9 - F\u00fchrungen mit Fremdenf\u00fchrer","robots":{"index":"index","follow":"follow","max-snippet":"max-snippet:-1","max-image-preview":"max-image-preview:large","max-video-preview":"max-video-preview:-1"},"canonical":"https:\/\/www.tourguidebergamo.it\/es\/contactos\/","og_locale":"de_DE","og_type":"article","og_title":"Contatti - Bergamo Su&amp;Gi\u00f9 - F\u00fchrungen mit Fremdenf\u00fchrer","og_url":"https:\/\/www.tourguidebergamo.it\/es\/contactos\/","og_site_name":"Bergamo Su&amp;Gi\u00f9","article_modified_time":"2017-01-09T14:49:27+00:00","twitter_card":"summary","schema":{"@context":"https:\/\/schema.org","@graph":[{"@type":"WebSite","@id":"https:\/\/www.tourguidebergamo.it\/#website","url":"https:\/\/www.tourguidebergamo.it\/","name":"Bergamo Su&amp;Gi\u00f9","description":"F\u00fchrungen mit Fremdenf\u00fchrer","potentialAction":[{"@type":"SearchAction","target":{"@type":"EntryPoint","urlTemplate":"https:\/\/www.tourguidebergamo.it\/?s={search_term_string}"},"query-input":"required name=search_term_string"}],"inLanguage":"de"},{"@type":"WebPage","@id":"https:\/\/www.tourguidebergamo.it\/es\/contactos\/#webpage","url":"https:\/\/www.tourguidebergamo.it\/es\/contactos\/","name":"Contatti - Bergamo Su&amp;Gi\u00f9 - F\u00fchrungen mit Fremdenf\u00fchrer","isPartOf":{"@id":"https:\/\/www.tourguidebergamo.it\/#website"},"datePublished":"2016-06-21T14:02:35+00:00","dateModified":"2017-01-09T14:49:27+00:00","breadcrumb":{"@id":"https:\/\/www.tourguidebergamo.it\/es\/contactos\/#breadcrumb"},"inLanguage":"de","potentialAction":[{"@type":"ReadAction","target":["https:\/\/www.tourguidebergamo.it\/es\/contactos\/"]}]},{"@type":"BreadcrumbList","@id":"https:\/\/www.tourguidebergamo.it\/es\/contactos\/#breadcrumb","itemListElement":[{"@type":"ListItem","position":1,"name":"Home","item":"https:\/\/www.tourguidebergamo.it\/"},{"@type":"ListItem","position":2,"name":"Contatti"}]}]}},"_links":{"self":[{"href":"https:\/\/www.tourguidebergamo.it\/de\/wp-json\/wp\/v2\/pages\/46"}],"collection":[{"href":"https:\/\/www.tourguidebergamo.it\/de\/wp-json\/wp\/v2\/pages"}],"about":[{"href":"https:\/\/www.tourguidebergamo.it\/de\/wp-json\/wp\/v2\/types\/page"}],"author":[{"embeddable":true,"href":"https:\/\/www.tourguidebergamo.it\/de\/wp-json\/wp\/v2\/users\/1"}],"replies":[{"embeddable":true,"href":"https:\/\/www.tourguidebergamo.it\/de\/wp-json\/wp\/v2\/comments?post=46"}],"version-history":[{"count":1,"href":"https:\/\/www.tourguidebergamo.it\/de\/wp-json\/wp\/v2\/pages\/46\/revisions"}],"predecessor-version":[{"id":47,"href":"https:\/\/www.tourguidebergamo.it\/de\/wp-json\/wp\/v2\/pages\/46\/revisions\/47"}],"wp:attachment":[{"href":"https:\/\/www.tourguidebergamo.it\/de\/wp-json\/wp\/v2\/media?parent=46"}],"curies":[{"name":"wp","href":"https:\/\/api.w.org\/{rel}","templated":true}]}}