{"id":113,"date":"2016-07-05T11:30:07","date_gmt":"2016-07-05T09:30:07","guid":{"rendered":"http:\/\/www.tourguidebergamo.it\/?page_id=113"},"modified":"2016-07-05T11:30:07","modified_gmt":"2016-07-05T09:30:07","slug":"musei","status":"publish","type":"page","link":"https:\/\/www.tourguidebergamo.it\/de\/musei\/","title":{"rendered":"Musei"},"content":{"rendered":"<div id=\"fb-root\"><\/div>\n","protected":false},"excerpt":{"rendered":"","protected":false},"author":1,"featured_media":0,"parent":0,"menu_order":7,"comment_status":"closed","ping_status":"closed","template":"","meta":[],"acf":[],"yoast_head":"<!-- This site is optimized with the Yoast SEO plugin v18.4.1 - https:\/\/yoast.com\/wordpress\/plugins\/seo\/ -->\n<title>Musei - Bergamo Su&amp;Gi\u00f9 - F\u00fchrungen mit Fremdenf\u00fchrer<\/title>\n<meta name=\"robots\" content=\"index, follow, max-snippet:-1, max-image-preview:large, max-video-preview:-1\" \/>\n<link rel=\"canonical\" href=\"https:\/\/www.tourguidebergamo.it\/musei\/\" \/>\n<meta property=\"og:locale\" content=\"de_DE\" \/>\n<meta property=\"og:type\" content=\"article\" \/>\n<meta property=\"og:title\" content=\"Musei - Bergamo Su&amp;Gi\u00f9 - F\u00fchrungen mit Fremdenf\u00fchrer\" \/>\n<meta property=\"og:url\" content=\"https:\/\/www.tourguidebergamo.it\/musei\/\" \/>\n<meta property=\"og:site_name\" content=\"Bergamo Su&amp;Gi\u00f9\" \/>\n<meta name=\"twitter:card\" content=\"summary\" \/>\n<script type=\"application\/ld+json\" class=\"yoast-schema-graph\">{\"@context\":\"https:\/\/schema.org\",\"@graph\":[{\"@type\":\"WebSite\",\"@id\":\"https:\/\/www.tourguidebergamo.it\/#website\",\"url\":\"https:\/\/www.tourguidebergamo.it\/\",\"name\":\"Bergamo Su&amp;Gi\u00f9\",\"description\":\"F\u00fchrungen mit Fremdenf\u00fchrer\",\"potentialAction\":[{\"@type\":\"SearchAction\",\"target\":{\"@type\":\"EntryPoint\",\"urlTemplate\":\"https:\/\/www.tourguidebergamo.it\/?s={search_term_string}\"},\"query-input\":\"required name=search_term_string\"}],\"inLanguage\":\"de\"},{\"@type\":\"WebPage\",\"@id\":\"https:\/\/www.tourguidebergamo.it\/musei\/#webpage\",\"url\":\"https:\/\/www.tourguidebergamo.it\/musei\/\",\"name\":\"Musei - Bergamo Su&amp;Gi\u00f9 - F\u00fchrungen mit Fremdenf\u00fchrer\",\"isPartOf\":{\"@id\":\"https:\/\/www.tourguidebergamo.it\/#website\"},\"datePublished\":\"2016-07-05T09:30:07+00:00\",\"dateModified\":\"2016-07-05T09:30:07+00:00\",\"breadcrumb\":{\"@id\":\"https:\/\/www.tourguidebergamo.it\/musei\/#breadcrumb\"},\"inLanguage\":\"de\",\"potentialAction\":[{\"@type\":\"ReadAction\",\"target\":[\"https:\/\/www.tourguidebergamo.it\/musei\/\"]}]},{\"@type\":\"BreadcrumbList\",\"@id\":\"https:\/\/www.tourguidebergamo.it\/musei\/#breadcrumb\",\"itemListElement\":[{\"@type\":\"ListItem\",\"position\":1,\"name\":\"Home\",\"item\":\"https:\/\/www.tourguidebergamo.it\/\"},{\"@type\":\"ListItem\",\"position\":2,\"name\":\"Musei\"}]}]}<\/script>\n<!-- \/ Yoast SEO plugin. -->","yoast_head_json":{"title":"Musei - Bergamo Su&amp;Gi\u00f9 - F\u00fchrungen mit Fremdenf\u00fchrer","robots":{"index":"index","follow":"follow","max-snippet":"max-snippet:-1","max-image-preview":"max-image-preview:large","max-video-preview":"max-video-preview:-1"},"canonical":"https:\/\/www.tourguidebergamo.it\/musei\/","og_locale":"de_DE","og_type":"article","og_title":"Musei - Bergamo Su&amp;Gi\u00f9 - F\u00fchrungen mit Fremdenf\u00fchrer","og_url":"https:\/\/www.tourguidebergamo.it\/musei\/","og_site_name":"Bergamo Su&amp;Gi\u00f9","twitter_card":"summary","schema":{"@context":"https:\/\/schema.org","@graph":[{"@type":"WebSite","@id":"https:\/\/www.tourguidebergamo.it\/#website","url":"https:\/\/www.tourguidebergamo.it\/","name":"Bergamo Su&amp;Gi\u00f9","description":"F\u00fchrungen mit Fremdenf\u00fchrer","potentialAction":[{"@type":"SearchAction","target":{"@type":"EntryPoint","urlTemplate":"https:\/\/www.tourguidebergamo.it\/?s={search_term_string}"},"query-input":"required name=search_term_string"}],"inLanguage":"de"},{"@type":"WebPage","@id":"https:\/\/www.tourguidebergamo.it\/musei\/#webpage","url":"https:\/\/www.tourguidebergamo.it\/musei\/","name":"Musei - Bergamo Su&amp;Gi\u00f9 - F\u00fchrungen mit Fremdenf\u00fchrer","isPartOf":{"@id":"https:\/\/www.tourguidebergamo.it\/#website"},"datePublished":"2016-07-05T09:30:07+00:00","dateModified":"2016-07-05T09:30:07+00:00","breadcrumb":{"@id":"https:\/\/www.tourguidebergamo.it\/musei\/#breadcrumb"},"inLanguage":"de","potentialAction":[{"@type":"ReadAction","target":["https:\/\/www.tourguidebergamo.it\/musei\/"]}]},{"@type":"BreadcrumbList","@id":"https:\/\/www.tourguidebergamo.it\/musei\/#breadcrumb","itemListElement":[{"@type":"ListItem","position":1,"name":"Home","item":"https:\/\/www.tourguidebergamo.it\/"},{"@type":"ListItem","position":2,"name":"Musei"}]}]}},"_links":{"self":[{"href":"https:\/\/www.tourguidebergamo.it\/de\/wp-json\/wp\/v2\/pages\/113"}],"collection":[{"href":"https:\/\/www.tourguidebergamo.it\/de\/wp-json\/wp\/v2\/pages"}],"about":[{"href":"https:\/\/www.tourguidebergamo.it\/de\/wp-json\/wp\/v2\/types\/page"}],"author":[{"embeddable":true,"href":"https:\/\/www.tourguidebergamo.it\/de\/wp-json\/wp\/v2\/users\/1"}],"replies":[{"embeddable":true,"href":"https:\/\/www.tourguidebergamo.it\/de\/wp-json\/wp\/v2\/comments?post=113"}],"version-history":[{"count":1,"href":"https:\/\/www.tourguidebergamo.it\/de\/wp-json\/wp\/v2\/pages\/113\/revisions"}],"predecessor-version":[{"id":115,"href":"https:\/\/www.tourguidebergamo.it\/de\/wp-json\/wp\/v2\/pages\/113\/revisions\/115"}],"wp:attachment":[{"href":"https:\/\/www.tourguidebergamo.it\/de\/wp-json\/wp\/v2\/media?parent=113"}],"curies":[{"name":"wp","href":"https:\/\/api.w.org\/{rel}","templated":true}]}}